{"id":197,"date":"2021-09-04T15:17:10","date_gmt":"2021-09-04T15:17:10","guid":{"rendered":"http:\/\/test.dotsfoundation.org\/rs\/?page_id=197"},"modified":"2026-01-20T10:47:44","modified_gmt":"2026-01-20T10:47:44","slug":"young-art-program","status":"publish","type":"page","link":"https:\/\/dotsgallery.org\/rs\/young-art-program\/","title":{"rendered":"Young Art Program"},"content":{"rendered":"","protected":false},"excerpt":{"rendered":"","protected":false},"author":1,"featured_media":0,"parent":0,"menu_order":0,"comment_status":"closed","ping_status":"closed","template":"","meta":{"footnotes":""},"class_list":["post-197","page","type-page","status-publish","hentry"],"yoast_head":"<!-- This site is optimized with the Yoast SEO plugin v27.4 - https:\/\/yoast.com\/product\/yoast-seo-wordpress\/ -->\n<title>Young Art Program I Galerija DOTS<\/title>\n<meta name=\"description\" content=\"DOTS Foundation initiated the Young Art\u00a0program. The program\u2019s goal is to stimulate, promote, and finance art production by young artist.\" \/>\n<meta name=\"robots\" content=\"index, follow, max-snippet:-1, max-image-preview:large, max-video-preview:-1\" \/>\n<link rel=\"canonical\" href=\"https:\/\/dotsgallery.org\/rs\/young-art-program\/\" \/>\n<meta property=\"og:locale\" content=\"sr_RS\" \/>\n<meta property=\"og:locale:alternate\" content=\"en_US\" \/>\n<meta property=\"og:type\" content=\"article\" \/>\n<meta property=\"og:title\" content=\"Dots Galerija | Young Art Program\" \/>\n<meta property=\"og:description\" content=\"Dots Fondacija -\u00a0 sektor za savremenu umetnost je decembra 2021. zapo\u010dela\u00a0 program Young Art.\u00a0Program se sastoji u podsticanju, promovisanju i finansiranju umetni\u010dkog stvarala\u0161tva mladih umetnika. Fondacija ima u planu da kroz organizaciju grupnih i samostalnih izlo\u017ebi u budu\u0107oj Galeriji Dots u Beogradu, kao i u galerijama u inostranstvu, objavljivanje publikacija,\u00a0 promovisanje na sajtu i dru\u0161tvenim mre\u017eama pru\u017ei umetnicima ve\u0107i vizibilitet.\" \/>\n<meta property=\"og:url\" content=\"https:\/\/dotsgallery.org\/rs\/young-art-program\/\" \/>\n<meta property=\"og:site_name\" content=\"Galerija DOTS\" \/>\n<meta property=\"article:publisher\" content=\"https:\/\/www.facebook.com\/dots_gallery_belgrade-102187455794365\" \/>\n<meta property=\"article:modified_time\" content=\"2026-01-20T10:47:44+00:00\" \/>\n<meta property=\"og:image\" content=\"https:\/\/dotsgallery.org\/wp-content\/uploads\/2022\/06\/dots_gallery.png\" \/>\n\t<meta property=\"og:image:width\" content=\"1920\" \/>\n\t<meta property=\"og:image:height\" content=\"1080\" \/>\n\t<meta property=\"og:image:type\" content=\"image\/png\" \/>\n<meta name=\"twitter:card\" content=\"summary_large_image\" \/>\n<meta name=\"twitter:title\" content=\"Dots Galerija | Young Art Program\" \/>\n<meta name=\"twitter:description\" content=\"Dots Fondacija -\u00a0 sektor za savremenu umetnost je decembra 2021. zapo\u010dela\u00a0 program Young Art.\u00a0Program se sastoji u podsticanju, promovisanju i finansiranju umetni\u010dkog stvarala\u0161tva mladih umetnika. Fondacija ima u planu da kroz organizaciju grupnih i samostalnih izlo\u017ebi u budu\u0107oj Galeriji Dots u Beogradu, kao i u galerijama u inostranstvu, objavljivanje publikacija,\u00a0 promovisanje na sajtu i dru\u0161tvenim mre\u017eama pru\u017ei umetnicima ve\u0107i vizibilitet.\" \/>\n<meta name=\"twitter:image\" content=\"https:\/\/dotsgallery.org\/wp-content\/uploads\/2022\/06\/dots_gallery.png\" \/>\n<script type=\"application\/ld+json\" class=\"yoast-schema-graph\">{\"@context\":\"https:\\\/\\\/schema.org\",\"@graph\":[{\"@type\":\"WebPage\",\"@id\":\"https:\\\/\\\/dotsgallery.org\\\/young-art-program\\\/\",\"url\":\"https:\\\/\\\/dotsgallery.org\\\/young-art-program\\\/\",\"name\":\"Young Art Program I Galerija DOTS\",\"isPartOf\":{\"@id\":\"https:\\\/\\\/dotsgallery.org\\\/rs\\\/#website\"},\"datePublished\":\"2021-09-04T15:17:10+00:00\",\"dateModified\":\"2026-01-20T10:47:44+00:00\",\"description\":\"DOTS Foundation initiated the Young Art\u00a0program. The program\u2019s goal is to stimulate, promote, and finance art production by young artist.\",\"breadcrumb\":{\"@id\":\"https:\\\/\\\/dotsgallery.org\\\/young-art-program\\\/#breadcrumb\"},\"inLanguage\":\"sr-RS\",\"potentialAction\":[{\"@type\":\"ReadAction\",\"target\":[\"https:\\\/\\\/dotsgallery.org\\\/young-art-program\\\/\"]}]},{\"@type\":\"BreadcrumbList\",\"@id\":\"https:\\\/\\\/dotsgallery.org\\\/young-art-program\\\/#breadcrumb\",\"itemListElement\":[{\"@type\":\"ListItem\",\"position\":1,\"name\":\"Home\",\"item\":\"https:\\\/\\\/dotsgallery.org\\\/\"},{\"@type\":\"ListItem\",\"position\":2,\"name\":\"Young Art Program\"}]},{\"@type\":\"WebSite\",\"@id\":\"https:\\\/\\\/dotsgallery.org\\\/rs\\\/#website\",\"url\":\"https:\\\/\\\/dotsgallery.org\\\/rs\\\/\",\"name\":\"Galerija DOTS\",\"description\":\"A statement needs a dot. A vision needs more \u2026  We are DOTS\",\"publisher\":{\"@id\":\"https:\\\/\\\/dotsgallery.org\\\/rs\\\/#organization\"},\"potentialAction\":[{\"@type\":\"SearchAction\",\"target\":{\"@type\":\"EntryPoint\",\"urlTemplate\":\"https:\\\/\\\/dotsgallery.org\\\/rs\\\/?s={search_term_string}\"},\"query-input\":{\"@type\":\"PropertyValueSpecification\",\"valueRequired\":true,\"valueName\":\"search_term_string\"}}],\"inLanguage\":\"sr-RS\"},{\"@type\":\"Organization\",\"@id\":\"https:\\\/\\\/dotsgallery.org\\\/rs\\\/#organization\",\"name\":\"DOTS Gallery\",\"url\":\"https:\\\/\\\/dotsgallery.org\\\/rs\\\/\",\"logo\":{\"@type\":\"ImageObject\",\"inLanguage\":\"sr-RS\",\"@id\":\"https:\\\/\\\/dotsgallery.org\\\/rs\\\/#\\\/schema\\\/logo\\\/image\\\/\",\"url\":\"https:\\\/\\\/dotsgallery.org\\\/wp-content\\\/uploads\\\/2022\\\/05\\\/dots-gallery-logo.png\",\"contentUrl\":\"https:\\\/\\\/dotsgallery.org\\\/wp-content\\\/uploads\\\/2022\\\/05\\\/dots-gallery-logo.png\",\"width\":792,\"height\":203,\"caption\":\"DOTS Gallery\"},\"image\":{\"@id\":\"https:\\\/\\\/dotsgallery.org\\\/rs\\\/#\\\/schema\\\/logo\\\/image\\\/\"},\"sameAs\":[\"https:\\\/\\\/www.facebook.com\\\/dots_gallery_belgrade-102187455794365\",\"https:\\\/\\\/www.instagram.com\\\/dots_gallery_belgrade\\\/\"]}]}<\/script>\n<!-- \/ Yoast SEO plugin. -->","yoast_head_json":{"title":"Young Art Program I Galerija DOTS","description":"DOTS Foundation initiated the Young Art\u00a0program. The program\u2019s goal is to stimulate, promote, and finance art production by young artist.","robots":{"index":"index","follow":"follow","max-snippet":"max-snippet:-1","max-image-preview":"max-image-preview:large","max-video-preview":"max-video-preview:-1"},"canonical":"https:\/\/dotsgallery.org\/rs\/young-art-program\/","og_locale":"sr_RS","og_type":"article","og_title":"[:en]Dots Gallery | Young Art Program[:rs]Dots Galerija | Young Art Program[:]","og_description":"[:en]In December 2021, DOTS Foundation - sector for contemporary art - initiated the Young Art\u00a0program. The program\u2019s goal is to stimulate, promote, and finance art production by young artists. The Foundation plans to offer greater visibility to artists through organizing group and individual exhibitions both at the future Dots Gallery in Belgrade and galleries abroad, but also through publications and on-line\/social network promotion.[:rs]Dots Fondacija -\u00a0 sektor za savremenu umetnost je decembra 2021. zapo\u010dela\u00a0 program Young Art.\u00a0Program se sastoji u podsticanju, promovisanju i finansiranju umetni\u010dkog stvarala\u0161tva mladih umetnika. Fondacija ima u planu da kroz organizaciju grupnih i samostalnih izlo\u017ebi u budu\u0107oj Galeriji Dots u Beogradu, kao i u galerijama u inostranstvu, objavljivanje publikacija,\u00a0 promovisanje na sajtu i dru\u0161tvenim mre\u017eama pru\u017ei umetnicima ve\u0107i vizibilitet.[:]","og_url":"https:\/\/dotsgallery.org\/rs\/young-art-program\/","og_site_name":"Galerija DOTS","article_publisher":"https:\/\/www.facebook.com\/dots_gallery_belgrade-102187455794365","article_modified_time":"2026-01-20T10:47:44+00:00","og_image":[{"width":1920,"height":1080,"url":"https:\/\/dotsgallery.org\/wp-content\/uploads\/2022\/06\/dots_gallery.png","type":"image\/png"}],"twitter_card":"summary_large_image","twitter_title":"Dots Galerija | Young Art Program","twitter_description":"Dots Fondacija -\u00a0 sektor za savremenu umetnost je decembra 2021. zapo\u010dela\u00a0 program Young Art.\u00a0Program se sastoji u podsticanju, promovisanju i finansiranju umetni\u010dkog stvarala\u0161tva mladih umetnika. Fondacija ima u planu da kroz organizaciju grupnih i samostalnih izlo\u017ebi u budu\u0107oj Galeriji Dots u Beogradu, kao i u galerijama u inostranstvu, objavljivanje publikacija,\u00a0 promovisanje na sajtu i dru\u0161tvenim mre\u017eama pru\u017ei umetnicima ve\u0107i vizibilitet.","twitter_image":"https:\/\/dotsgallery.org\/wp-content\/uploads\/2022\/06\/dots_gallery.png","schema":{"@context":"https:\/\/schema.org","@graph":[{"@type":"WebPage","@id":"https:\/\/dotsgallery.org\/young-art-program\/","url":"https:\/\/dotsgallery.org\/young-art-program\/","name":"Young Art Program I Galerija DOTS","isPartOf":{"@id":"https:\/\/dotsgallery.org\/rs\/#website"},"datePublished":"2021-09-04T15:17:10+00:00","dateModified":"2026-01-20T10:47:44+00:00","description":"DOTS Foundation initiated the Young Art\u00a0program. The program\u2019s goal is to stimulate, promote, and finance art production by young artist.","breadcrumb":{"@id":"https:\/\/dotsgallery.org\/young-art-program\/#breadcrumb"},"inLanguage":"sr-RS","potentialAction":[{"@type":"ReadAction","target":["https:\/\/dotsgallery.org\/young-art-program\/"]}]},{"@type":"BreadcrumbList","@id":"https:\/\/dotsgallery.org\/young-art-program\/#breadcrumb","itemListElement":[{"@type":"ListItem","position":1,"name":"Home","item":"https:\/\/dotsgallery.org\/"},{"@type":"ListItem","position":2,"name":"Young Art Program"}]},{"@type":"WebSite","@id":"https:\/\/dotsgallery.org\/rs\/#website","url":"https:\/\/dotsgallery.org\/rs\/","name":"Galerija DOTS","description":"A statement needs a dot. A vision needs more \u2026  We are DOTS","publisher":{"@id":"https:\/\/dotsgallery.org\/rs\/#organization"},"potentialAction":[{"@type":"SearchAction","target":{"@type":"EntryPoint","urlTemplate":"https:\/\/dotsgallery.org\/rs\/?s={search_term_string}"},"query-input":{"@type":"PropertyValueSpecification","valueRequired":true,"valueName":"search_term_string"}}],"inLanguage":"sr-RS"},{"@type":"Organization","@id":"https:\/\/dotsgallery.org\/rs\/#organization","name":"DOTS Gallery","url":"https:\/\/dotsgallery.org\/rs\/","logo":{"@type":"ImageObject","inLanguage":"sr-RS","@id":"https:\/\/dotsgallery.org\/rs\/#\/schema\/logo\/image\/","url":"https:\/\/dotsgallery.org\/wp-content\/uploads\/2022\/05\/dots-gallery-logo.png","contentUrl":"https:\/\/dotsgallery.org\/wp-content\/uploads\/2022\/05\/dots-gallery-logo.png","width":792,"height":203,"caption":"DOTS Gallery"},"image":{"@id":"https:\/\/dotsgallery.org\/rs\/#\/schema\/logo\/image\/"},"sameAs":["https:\/\/www.facebook.com\/dots_gallery_belgrade-102187455794365","https:\/\/www.instagram.com\/dots_gallery_belgrade\/"]}]}},"_links":{"self":[{"href":"https:\/\/dotsgallery.org\/rs\/wp-json\/wp\/v2\/pages\/197","targetHints":{"allow":["GET"]}}],"collection":[{"href":"https:\/\/dotsgallery.org\/rs\/wp-json\/wp\/v2\/pages"}],"about":[{"href":"https:\/\/dotsgallery.org\/rs\/wp-json\/wp\/v2\/types\/page"}],"author":[{"embeddable":true,"href":"https:\/\/dotsgallery.org\/rs\/wp-json\/wp\/v2\/users\/1"}],"replies":[{"embeddable":true,"href":"https:\/\/dotsgallery.org\/rs\/wp-json\/wp\/v2\/comments?post=197"}],"version-history":[{"count":27,"href":"https:\/\/dotsgallery.org\/rs\/wp-json\/wp\/v2\/pages\/197\/revisions"}],"predecessor-version":[{"id":2060,"href":"https:\/\/dotsgallery.org\/rs\/wp-json\/wp\/v2\/pages\/197\/revisions\/2060"}],"wp:attachment":[{"href":"https:\/\/dotsgallery.org\/rs\/wp-json\/wp\/v2\/media?parent=197"}],"curies":[{"name":"wp","href":"https:\/\/api.w.org\/{rel}","templated":true}]}}