{"id":1530,"date":"2023-11-06T21:13:32","date_gmt":"2023-11-06T21:13:32","guid":{"rendered":"https:\/\/dotsgallery.org\/?post_type=product&#038;p=1530"},"modified":"2024-01-22T16:41:32","modified_gmt":"2024-01-22T16:41:32","slug":"lena-milovanovic-bez-naziva-2","status":"publish","type":"product","link":"https:\/\/dotsgallery.org\/rs\/artwork\/lena-milovanovic-bez-naziva-2\/","title":{"rendered":"Lena Milovanovi\u0107 &#8211; Bez naziva 2"},"content":{"rendered":"","protected":false},"excerpt":{"rendered":"","protected":false},"featured_media":1528,"template":"","meta":[],"product_brand":[],"product_cat":[27],"product_tag":[],"class_list":{"0":"post-1530","1":"product","2":"type-product","3":"status-publish","4":"has-post-thumbnail","6":"product_cat-paintings","8":"first","9":"instock","10":"shipping-taxable","11":"purchasable","12":"product-type-simple"},"yoast_head":"<!-- This site is optimized with the Yoast SEO plugin v27.4 - https:\/\/yoast.com\/product\/yoast-seo-wordpress\/ -->\n<title>Lena Milovanovi\u0107 - Lena Milovanovi\u0107 - Bez naziva 2[:] - Galerija DOTS<\/title>\n<meta name=\"description\" content=\"Lena Milovanovi\u0107 je diplomirala na Fakultetu likovnih umetnosti u klasi profesora Milete Prodanovi\u0107a. Na istom fakultetu trenutno poha\u0111a doktorske studije.\" \/>\n<meta name=\"robots\" content=\"index, follow, max-snippet:-1, max-image-preview:large, max-video-preview:-1\" \/>\n<link rel=\"canonical\" href=\"https:\/\/dotsgallery.org\/rs\/artwork\/lena-milovanovic-bez-naziva-2\/\" \/>\n<meta property=\"og:locale\" content=\"sr_RS\" \/>\n<meta property=\"og:locale:alternate\" content=\"en_US\" \/>\n<meta property=\"og:type\" content=\"article\" \/>\n<meta property=\"og:title\" content=\"Lena Milovanovi\u0107 - Bez naziva 2\" \/>\n<meta property=\"og:description\" content=\"Lena Milovanovi\u0107 graduated from the Faculty of Fine Arts in 2020 in the class of professor Mileta Prodanovi\u0107. She is currently attending doctoral art studies at the same faculty.\" \/>\n<meta property=\"og:url\" content=\"https:\/\/dotsgallery.org\/rs\/artwork\/lena-milovanovic-bez-naziva-2\/\" \/>\n<meta property=\"og:site_name\" content=\"Galerija DOTS\" \/>\n<meta property=\"article:publisher\" content=\"https:\/\/www.facebook.com\/dots_gallery_belgrade-102187455794365\" \/>\n<meta property=\"article:modified_time\" content=\"2024-01-22T16:41:32+00:00\" \/>\n<meta property=\"og:image\" content=\"https:\/\/dotsgallery.org\/wp-content\/uploads\/2023\/11\/Lena_Milovanovic_mala_1.jpeg\" \/>\n\t<meta property=\"og:image:width\" content=\"980\" \/>\n\t<meta property=\"og:image:height\" content=\"990\" \/>\n\t<meta property=\"og:image:type\" content=\"image\/jpeg\" \/>\n<meta name=\"twitter:card\" content=\"summary_large_image\" \/>\n<meta name=\"twitter:label1\" content=\"\u041f\u0440\u043e\u0446\u0435\u045a\u0435\u043d\u043e \u0432\u0440\u0435\u043c\u0435 \u0447\u0438\u0442\u0430\u045a\u0430\" \/>\n\t<meta name=\"twitter:data1\" content=\"1 \u043c\u0438\u043d\u0443\u0442\" \/>\n<script type=\"application\/ld+json\" class=\"yoast-schema-graph\">{\"@context\":\"https:\\\/\\\/schema.org\",\"@graph\":[{\"@type\":\"WebPage\",\"@id\":\"https:\\\/\\\/dotsgallery.org\\\/artwork\\\/lena-milovanovic-bez-naziva-2\\\/\",\"url\":\"https:\\\/\\\/dotsgallery.org\\\/artwork\\\/lena-milovanovic-bez-naziva-2\\\/\",\"name\":\"Lena Milovanovi\u0107 - Bez naziva 2\",\"isPartOf\":{\"@id\":\"https:\\\/\\\/dotsgallery.org\\\/rs\\\/#website\"},\"primaryImageOfPage\":{\"@id\":\"https:\\\/\\\/dotsgallery.org\\\/artwork\\\/lena-milovanovic-bez-naziva-2\\\/#primaryimage\"},\"image\":{\"@id\":\"https:\\\/\\\/dotsgallery.org\\\/artwork\\\/lena-milovanovic-bez-naziva-2\\\/#primaryimage\"},\"thumbnailUrl\":\"https:\\\/\\\/dotsgallery.org\\\/wp-content\\\/uploads\\\/2023\\\/11\\\/Lena_Milovanovic_mala_1.jpeg\",\"datePublished\":\"2023-11-06T21:13:32+00:00\",\"dateModified\":\"2024-01-22T16:41:32+00:00\",\"description\":\"Lena Milovanovi\u0107 graduated from the Faculty of Fine Arts in 2020 in the class of professor Mileta Prodanovi\u0107. She is currently attending doctoral art studies at the same faculty.\",\"breadcrumb\":{\"@id\":\"https:\\\/\\\/dotsgallery.org\\\/artwork\\\/lena-milovanovic-bez-naziva-2\\\/#breadcrumb\"},\"inLanguage\":\"sr-RS\",\"potentialAction\":[{\"@type\":\"ReadAction\",\"target\":[\"https:\\\/\\\/dotsgallery.org\\\/artwork\\\/lena-milovanovic-bez-naziva-2\\\/\"]}]},{\"@type\":\"ImageObject\",\"inLanguage\":\"sr-RS\",\"@id\":\"https:\\\/\\\/dotsgallery.org\\\/artwork\\\/lena-milovanovic-bez-naziva-2\\\/#primaryimage\",\"url\":\"https:\\\/\\\/dotsgallery.org\\\/wp-content\\\/uploads\\\/2023\\\/11\\\/Lena_Milovanovic_mala_1.jpeg\",\"contentUrl\":\"https:\\\/\\\/dotsgallery.org\\\/wp-content\\\/uploads\\\/2023\\\/11\\\/Lena_Milovanovic_mala_1.jpeg\",\"width\":980,\"height\":990},{\"@type\":\"BreadcrumbList\",\"@id\":\"https:\\\/\\\/dotsgallery.org\\\/artwork\\\/lena-milovanovic-bez-naziva-2\\\/#breadcrumb\",\"itemListElement\":[{\"@type\":\"ListItem\",\"position\":1,\"name\":\"Home\",\"item\":\"https:\\\/\\\/dotsgallery.org\\\/\"},{\"@type\":\"ListItem\",\"position\":2,\"name\":\"Lena Milovanovi\u0107 &#8211; Untitled 2\"}]},{\"@type\":\"WebSite\",\"@id\":\"https:\\\/\\\/dotsgallery.org\\\/rs\\\/#website\",\"url\":\"https:\\\/\\\/dotsgallery.org\\\/rs\\\/\",\"name\":\"Galerija DOTS\",\"description\":\"A statement needs a dot. A vision needs more \u2026  We are DOTS\",\"publisher\":{\"@id\":\"https:\\\/\\\/dotsgallery.org\\\/rs\\\/#organization\"},\"potentialAction\":[{\"@type\":\"SearchAction\",\"target\":{\"@type\":\"EntryPoint\",\"urlTemplate\":\"https:\\\/\\\/dotsgallery.org\\\/rs\\\/?s={search_term_string}\"},\"query-input\":{\"@type\":\"PropertyValueSpecification\",\"valueRequired\":true,\"valueName\":\"search_term_string\"}}],\"inLanguage\":\"sr-RS\"},{\"@type\":\"Organization\",\"@id\":\"https:\\\/\\\/dotsgallery.org\\\/rs\\\/#organization\",\"name\":\"DOTS Gallery\",\"url\":\"https:\\\/\\\/dotsgallery.org\\\/rs\\\/\",\"logo\":{\"@type\":\"ImageObject\",\"inLanguage\":\"sr-RS\",\"@id\":\"https:\\\/\\\/dotsgallery.org\\\/rs\\\/#\\\/schema\\\/logo\\\/image\\\/\",\"url\":\"https:\\\/\\\/dotsgallery.org\\\/wp-content\\\/uploads\\\/2022\\\/05\\\/dots-gallery-logo.png\",\"contentUrl\":\"https:\\\/\\\/dotsgallery.org\\\/wp-content\\\/uploads\\\/2022\\\/05\\\/dots-gallery-logo.png\",\"width\":792,\"height\":203,\"caption\":\"DOTS Gallery\"},\"image\":{\"@id\":\"https:\\\/\\\/dotsgallery.org\\\/rs\\\/#\\\/schema\\\/logo\\\/image\\\/\"},\"sameAs\":[\"https:\\\/\\\/www.facebook.com\\\/dots_gallery_belgrade-102187455794365\",\"https:\\\/\\\/www.instagram.com\\\/dots_gallery_belgrade\\\/\"]}]}<\/script>\n<!-- \/ Yoast SEO plugin. -->","yoast_head_json":{"title":"Lena Milovanovi\u0107 - Lena Milovanovi\u0107 - Bez naziva 2[:] - Galerija DOTS","description":"Lena Milovanovi\u0107 je diplomirala na Fakultetu likovnih umetnosti u klasi profesora Milete Prodanovi\u0107a. Na istom fakultetu trenutno poha\u0111a doktorske studije.","robots":{"index":"index","follow":"follow","max-snippet":"max-snippet:-1","max-image-preview":"max-image-preview:large","max-video-preview":"max-video-preview:-1"},"canonical":"https:\/\/dotsgallery.org\/rs\/artwork\/lena-milovanovic-bez-naziva-2\/","og_locale":"sr_RS","og_type":"article","og_title":"[:en]Lena Milovanovi\u0107 - Untitled 2[:rs]Lena Milovanovi\u0107 - Bez naziva 2[:] - Galerija DOTS","og_description":"Lena Milovanovi\u0107 graduated from the Faculty of Fine Arts in 2020 in the class of professor Mileta Prodanovi\u0107. She is currently attending doctoral art studies at the same faculty.","og_url":"https:\/\/dotsgallery.org\/rs\/artwork\/lena-milovanovic-bez-naziva-2\/","og_site_name":"Galerija DOTS","article_publisher":"https:\/\/www.facebook.com\/dots_gallery_belgrade-102187455794365","article_modified_time":"2024-01-22T16:41:32+00:00","og_image":[{"width":980,"height":990,"url":"https:\/\/dotsgallery.org\/wp-content\/uploads\/2023\/11\/Lena_Milovanovic_mala_1.jpeg","type":"image\/jpeg"}],"twitter_card":"summary_large_image","twitter_misc":{"\u041f\u0440\u043e\u0446\u0435\u045a\u0435\u043d\u043e \u0432\u0440\u0435\u043c\u0435 \u0447\u0438\u0442\u0430\u045a\u0430":"1 \u043c\u0438\u043d\u0443\u0442"},"schema":{"@context":"https:\/\/schema.org","@graph":[{"@type":"WebPage","@id":"https:\/\/dotsgallery.org\/artwork\/lena-milovanovic-bez-naziva-2\/","url":"https:\/\/dotsgallery.org\/artwork\/lena-milovanovic-bez-naziva-2\/","name":"Lena Milovanovi\u0107 - Bez naziva 2","isPartOf":{"@id":"https:\/\/dotsgallery.org\/rs\/#website"},"primaryImageOfPage":{"@id":"https:\/\/dotsgallery.org\/artwork\/lena-milovanovic-bez-naziva-2\/#primaryimage"},"image":{"@id":"https:\/\/dotsgallery.org\/artwork\/lena-milovanovic-bez-naziva-2\/#primaryimage"},"thumbnailUrl":"https:\/\/dotsgallery.org\/wp-content\/uploads\/2023\/11\/Lena_Milovanovic_mala_1.jpeg","datePublished":"2023-11-06T21:13:32+00:00","dateModified":"2024-01-22T16:41:32+00:00","description":"Lena Milovanovi\u0107 graduated from the Faculty of Fine Arts in 2020 in the class of professor Mileta Prodanovi\u0107. She is currently attending doctoral art studies at the same faculty.","breadcrumb":{"@id":"https:\/\/dotsgallery.org\/artwork\/lena-milovanovic-bez-naziva-2\/#breadcrumb"},"inLanguage":"sr-RS","potentialAction":[{"@type":"ReadAction","target":["https:\/\/dotsgallery.org\/artwork\/lena-milovanovic-bez-naziva-2\/"]}]},{"@type":"ImageObject","inLanguage":"sr-RS","@id":"https:\/\/dotsgallery.org\/artwork\/lena-milovanovic-bez-naziva-2\/#primaryimage","url":"https:\/\/dotsgallery.org\/wp-content\/uploads\/2023\/11\/Lena_Milovanovic_mala_1.jpeg","contentUrl":"https:\/\/dotsgallery.org\/wp-content\/uploads\/2023\/11\/Lena_Milovanovic_mala_1.jpeg","width":980,"height":990},{"@type":"BreadcrumbList","@id":"https:\/\/dotsgallery.org\/artwork\/lena-milovanovic-bez-naziva-2\/#breadcrumb","itemListElement":[{"@type":"ListItem","position":1,"name":"Home","item":"https:\/\/dotsgallery.org\/"},{"@type":"ListItem","position":2,"name":"Lena Milovanovi\u0107 &#8211; Untitled 2"}]},{"@type":"WebSite","@id":"https:\/\/dotsgallery.org\/rs\/#website","url":"https:\/\/dotsgallery.org\/rs\/","name":"Galerija DOTS","description":"A statement needs a dot. A vision needs more \u2026  We are DOTS","publisher":{"@id":"https:\/\/dotsgallery.org\/rs\/#organization"},"potentialAction":[{"@type":"SearchAction","target":{"@type":"EntryPoint","urlTemplate":"https:\/\/dotsgallery.org\/rs\/?s={search_term_string}"},"query-input":{"@type":"PropertyValueSpecification","valueRequired":true,"valueName":"search_term_string"}}],"inLanguage":"sr-RS"},{"@type":"Organization","@id":"https:\/\/dotsgallery.org\/rs\/#organization","name":"DOTS Gallery","url":"https:\/\/dotsgallery.org\/rs\/","logo":{"@type":"ImageObject","inLanguage":"sr-RS","@id":"https:\/\/dotsgallery.org\/rs\/#\/schema\/logo\/image\/","url":"https:\/\/dotsgallery.org\/wp-content\/uploads\/2022\/05\/dots-gallery-logo.png","contentUrl":"https:\/\/dotsgallery.org\/wp-content\/uploads\/2022\/05\/dots-gallery-logo.png","width":792,"height":203,"caption":"DOTS Gallery"},"image":{"@id":"https:\/\/dotsgallery.org\/rs\/#\/schema\/logo\/image\/"},"sameAs":["https:\/\/www.facebook.com\/dots_gallery_belgrade-102187455794365","https:\/\/www.instagram.com\/dots_gallery_belgrade\/"]}]}},"_links":{"self":[{"href":"https:\/\/dotsgallery.org\/rs\/wp-json\/wp\/v2\/product\/1530","targetHints":{"allow":["GET"]}}],"collection":[{"href":"https:\/\/dotsgallery.org\/rs\/wp-json\/wp\/v2\/product"}],"about":[{"href":"https:\/\/dotsgallery.org\/rs\/wp-json\/wp\/v2\/types\/product"}],"wp:featuredmedia":[{"embeddable":true,"href":"https:\/\/dotsgallery.org\/rs\/wp-json\/wp\/v2\/media\/1528"}],"wp:attachment":[{"href":"https:\/\/dotsgallery.org\/rs\/wp-json\/wp\/v2\/media?parent=1530"}],"wp:term":[{"taxonomy":"product_brand","embeddable":true,"href":"https:\/\/dotsgallery.org\/rs\/wp-json\/wp\/v2\/product_brand?post=1530"},{"taxonomy":"product_cat","embeddable":true,"href":"https:\/\/dotsgallery.org\/rs\/wp-json\/wp\/v2\/product_cat?post=1530"},{"taxonomy":"product_tag","embeddable":true,"href":"https:\/\/dotsgallery.org\/rs\/wp-json\/wp\/v2\/product_tag?post=1530"}],"curies":[{"name":"wp","href":"https:\/\/api.w.org\/{rel}","templated":true}]}}