{"id":2066,"date":"2026-02-06T14:18:57","date_gmt":"2026-02-06T14:18:57","guid":{"rendered":"https:\/\/dotsgallery.org\/?post_type=product&#038;p=2066"},"modified":"2026-02-10T15:22:19","modified_gmt":"2026-02-10T15:22:19","slug":"astrid-oudheusden-daily-drawing-2","status":"publish","type":"product","link":"https:\/\/dotsgallery.org\/rs\/artwork\/astrid-oudheusden-daily-drawing-2\/","title":{"rendered":"Astrid Oudheusden &#8211; Daily Drawing 2"},"content":{"rendered":"","protected":false},"excerpt":{"rendered":"","protected":false},"featured_media":2063,"template":"","meta":[],"product_brand":[],"product_cat":[32],"product_tag":[],"class_list":{"0":"post-2066","1":"product","2":"type-product","3":"status-publish","4":"has-post-thumbnail","6":"product_cat-drawings","8":"first","9":"instock","10":"shipping-taxable","11":"purchasable","12":"product-type-simple"},"yoast_head":"<!-- This site is optimized with the Yoast SEO plugin v27.4 - https:\/\/yoast.com\/product\/yoast-seo-wordpress\/ -->\n<title>Astrid Oudheusden - Astrid Oudheusden - Daily Drawing 2[:] - Galerija DOTS<\/title>\n<meta name=\"description\" content=\"Holandska umetnica Astrid Oudheusden polazi od obi\u010dnih, naizgled bezna\u010dajnih prizora u kojima otkriva skrivena zna\u010denja. Ne be\u017ee\u0107i od svakodnevnog...\" \/>\n<meta name=\"robots\" content=\"index, follow, max-snippet:-1, max-image-preview:large, max-video-preview:-1\" \/>\n<link rel=\"canonical\" href=\"https:\/\/dotsgallery.org\/rs\/artwork\/astrid-oudheusden-daily-drawing-2\/\" \/>\n<meta property=\"og:locale\" content=\"sr_RS\" \/>\n<meta property=\"og:locale:alternate\" content=\"en_US\" \/>\n<meta property=\"og:type\" content=\"article\" \/>\n<meta property=\"og:title\" content=\"Astrid Oudheusden - Daily Drawing 2\" \/>\n<meta property=\"og:description\" content=\"Holandska umetnica Astrid Oudheusden polazi od obi\u010dnih, naizgled bezna\u010dajnih prizora u kojima otkriva skrivena zna\u010denja. Ne be\u017ee\u0107i od svakodnevnog...\" \/>\n<meta property=\"og:url\" content=\"https:\/\/dotsgallery.org\/rs\/artwork\/astrid-oudheusden-daily-drawing-2\/\" \/>\n<meta property=\"og:site_name\" content=\"Galerija DOTS\" \/>\n<meta property=\"article:publisher\" content=\"https:\/\/www.facebook.com\/dots_gallery_belgrade-102187455794365\" \/>\n<meta property=\"article:modified_time\" content=\"2026-02-10T15:22:19+00:00\" \/>\n<meta property=\"og:image\" content=\"https:\/\/dotsgallery.org\/wp-content\/uploads\/2026\/02\/astrid2.jpg\" \/>\n\t<meta property=\"og:image:width\" content=\"1959\" \/>\n\t<meta property=\"og:image:height\" content=\"2034\" \/>\n\t<meta property=\"og:image:type\" content=\"image\/jpeg\" \/>\n<meta name=\"twitter:card\" content=\"summary_large_image\" \/>\n<meta name=\"twitter:label1\" content=\"\u041f\u0440\u043e\u0446\u0435\u045a\u0435\u043d\u043e \u0432\u0440\u0435\u043c\u0435 \u0447\u0438\u0442\u0430\u045a\u0430\" \/>\n\t<meta name=\"twitter:data1\" content=\"1 \u043c\u0438\u043d\u0443\u0442\" \/>\n<script type=\"application\/ld+json\" class=\"yoast-schema-graph\">{\"@context\":\"https:\\\/\\\/schema.org\",\"@graph\":[{\"@type\":\"WebPage\",\"@id\":\"https:\\\/\\\/dotsgallery.org\\\/artwork\\\/astrid-oudheusden-daily-drawing-2\\\/\",\"url\":\"https:\\\/\\\/dotsgallery.org\\\/artwork\\\/astrid-oudheusden-daily-drawing-2\\\/\",\"name\":\"Astrid Oudheusden - Daily Drawing 2\",\"isPartOf\":{\"@id\":\"https:\\\/\\\/dotsgallery.org\\\/rs\\\/#website\"},\"primaryImageOfPage\":{\"@id\":\"https:\\\/\\\/dotsgallery.org\\\/artwork\\\/astrid-oudheusden-daily-drawing-2\\\/#primaryimage\"},\"image\":{\"@id\":\"https:\\\/\\\/dotsgallery.org\\\/artwork\\\/astrid-oudheusden-daily-drawing-2\\\/#primaryimage\"},\"thumbnailUrl\":\"https:\\\/\\\/dotsgallery.org\\\/wp-content\\\/uploads\\\/2026\\\/02\\\/astrid2.jpg\",\"datePublished\":\"2026-02-06T14:18:57+00:00\",\"dateModified\":\"2026-02-10T15:22:19+00:00\",\"description\":\"Holandska umetnica Astrid Oudheusden polazi od obi\u010dnih, naizgled bezna\u010dajnih prizora u kojima otkriva skrivena zna\u010denja. Ne be\u017ee\u0107i od svakodnevnog...\",\"breadcrumb\":{\"@id\":\"https:\\\/\\\/dotsgallery.org\\\/artwork\\\/astrid-oudheusden-daily-drawing-2\\\/#breadcrumb\"},\"inLanguage\":\"sr-RS\",\"potentialAction\":[{\"@type\":\"ReadAction\",\"target\":[\"https:\\\/\\\/dotsgallery.org\\\/artwork\\\/astrid-oudheusden-daily-drawing-2\\\/\"]}]},{\"@type\":\"ImageObject\",\"inLanguage\":\"sr-RS\",\"@id\":\"https:\\\/\\\/dotsgallery.org\\\/artwork\\\/astrid-oudheusden-daily-drawing-2\\\/#primaryimage\",\"url\":\"https:\\\/\\\/dotsgallery.org\\\/wp-content\\\/uploads\\\/2026\\\/02\\\/astrid2.jpg\",\"contentUrl\":\"https:\\\/\\\/dotsgallery.org\\\/wp-content\\\/uploads\\\/2026\\\/02\\\/astrid2.jpg\",\"width\":1959,\"height\":2034},{\"@type\":\"BreadcrumbList\",\"@id\":\"https:\\\/\\\/dotsgallery.org\\\/artwork\\\/astrid-oudheusden-daily-drawing-2\\\/#breadcrumb\",\"itemListElement\":[{\"@type\":\"ListItem\",\"position\":1,\"name\":\"Home\",\"item\":\"https:\\\/\\\/dotsgallery.org\\\/\"},{\"@type\":\"ListItem\",\"position\":2,\"name\":\"Astrid Oudheusden &#8211; Daily Drawing 2\"}]},{\"@type\":\"WebSite\",\"@id\":\"https:\\\/\\\/dotsgallery.org\\\/rs\\\/#website\",\"url\":\"https:\\\/\\\/dotsgallery.org\\\/rs\\\/\",\"name\":\"Galerija DOTS\",\"description\":\"A statement needs a dot. A vision needs more \u2026  We are DOTS\",\"publisher\":{\"@id\":\"https:\\\/\\\/dotsgallery.org\\\/rs\\\/#organization\"},\"potentialAction\":[{\"@type\":\"SearchAction\",\"target\":{\"@type\":\"EntryPoint\",\"urlTemplate\":\"https:\\\/\\\/dotsgallery.org\\\/rs\\\/?s={search_term_string}\"},\"query-input\":{\"@type\":\"PropertyValueSpecification\",\"valueRequired\":true,\"valueName\":\"search_term_string\"}}],\"inLanguage\":\"sr-RS\"},{\"@type\":\"Organization\",\"@id\":\"https:\\\/\\\/dotsgallery.org\\\/rs\\\/#organization\",\"name\":\"DOTS Gallery\",\"url\":\"https:\\\/\\\/dotsgallery.org\\\/rs\\\/\",\"logo\":{\"@type\":\"ImageObject\",\"inLanguage\":\"sr-RS\",\"@id\":\"https:\\\/\\\/dotsgallery.org\\\/rs\\\/#\\\/schema\\\/logo\\\/image\\\/\",\"url\":\"https:\\\/\\\/dotsgallery.org\\\/wp-content\\\/uploads\\\/2022\\\/05\\\/dots-gallery-logo.png\",\"contentUrl\":\"https:\\\/\\\/dotsgallery.org\\\/wp-content\\\/uploads\\\/2022\\\/05\\\/dots-gallery-logo.png\",\"width\":792,\"height\":203,\"caption\":\"DOTS Gallery\"},\"image\":{\"@id\":\"https:\\\/\\\/dotsgallery.org\\\/rs\\\/#\\\/schema\\\/logo\\\/image\\\/\"},\"sameAs\":[\"https:\\\/\\\/www.facebook.com\\\/dots_gallery_belgrade-102187455794365\",\"https:\\\/\\\/www.instagram.com\\\/dots_gallery_belgrade\\\/\"]}]}<\/script>\n<!-- \/ Yoast SEO plugin. -->","yoast_head_json":{"title":"Astrid Oudheusden - Astrid Oudheusden - Daily Drawing 2[:] - Galerija DOTS","description":"Holandska umetnica Astrid Oudheusden polazi od obi\u010dnih, naizgled bezna\u010dajnih prizora u kojima otkriva skrivena zna\u010denja. Ne be\u017ee\u0107i od svakodnevnog...","robots":{"index":"index","follow":"follow","max-snippet":"max-snippet:-1","max-image-preview":"max-image-preview:large","max-video-preview":"max-video-preview:-1"},"canonical":"https:\/\/dotsgallery.org\/rs\/artwork\/astrid-oudheusden-daily-drawing-2\/","og_locale":"sr_RS","og_type":"article","og_title":"[:en]Astrid Oudheusden - Daily Drawing 2[:rs]Astrid Oudheusden - Daily Drawing 2[:] - Galerija DOTS","og_description":"[:en]Dutch artist Astrid Oudheusden starts from ordinary, seemingly insignificant scenes in which she discovers hidden meanings...[:rs]Holandska umetnica Astrid Oudheusden polazi od obi\u010dnih, naizgled bezna\u010dajnih prizora u kojima otkriva skrivena zna\u010denja. Ne be\u017ee\u0107i od svakodnevnog...[:]","og_url":"https:\/\/dotsgallery.org\/rs\/artwork\/astrid-oudheusden-daily-drawing-2\/","og_site_name":"Galerija DOTS","article_publisher":"https:\/\/www.facebook.com\/dots_gallery_belgrade-102187455794365","article_modified_time":"2026-02-10T15:22:19+00:00","og_image":[{"width":1959,"height":2034,"url":"https:\/\/dotsgallery.org\/wp-content\/uploads\/2026\/02\/astrid2.jpg","type":"image\/jpeg"}],"twitter_card":"summary_large_image","twitter_misc":{"\u041f\u0440\u043e\u0446\u0435\u045a\u0435\u043d\u043e \u0432\u0440\u0435\u043c\u0435 \u0447\u0438\u0442\u0430\u045a\u0430":"1 \u043c\u0438\u043d\u0443\u0442"},"schema":{"@context":"https:\/\/schema.org","@graph":[{"@type":"WebPage","@id":"https:\/\/dotsgallery.org\/artwork\/astrid-oudheusden-daily-drawing-2\/","url":"https:\/\/dotsgallery.org\/artwork\/astrid-oudheusden-daily-drawing-2\/","name":"Astrid Oudheusden - Daily Drawing 2","isPartOf":{"@id":"https:\/\/dotsgallery.org\/rs\/#website"},"primaryImageOfPage":{"@id":"https:\/\/dotsgallery.org\/artwork\/astrid-oudheusden-daily-drawing-2\/#primaryimage"},"image":{"@id":"https:\/\/dotsgallery.org\/artwork\/astrid-oudheusden-daily-drawing-2\/#primaryimage"},"thumbnailUrl":"https:\/\/dotsgallery.org\/wp-content\/uploads\/2026\/02\/astrid2.jpg","datePublished":"2026-02-06T14:18:57+00:00","dateModified":"2026-02-10T15:22:19+00:00","description":"Holandska umetnica Astrid Oudheusden polazi od obi\u010dnih, naizgled bezna\u010dajnih prizora u kojima otkriva skrivena zna\u010denja. Ne be\u017ee\u0107i od svakodnevnog...","breadcrumb":{"@id":"https:\/\/dotsgallery.org\/artwork\/astrid-oudheusden-daily-drawing-2\/#breadcrumb"},"inLanguage":"sr-RS","potentialAction":[{"@type":"ReadAction","target":["https:\/\/dotsgallery.org\/artwork\/astrid-oudheusden-daily-drawing-2\/"]}]},{"@type":"ImageObject","inLanguage":"sr-RS","@id":"https:\/\/dotsgallery.org\/artwork\/astrid-oudheusden-daily-drawing-2\/#primaryimage","url":"https:\/\/dotsgallery.org\/wp-content\/uploads\/2026\/02\/astrid2.jpg","contentUrl":"https:\/\/dotsgallery.org\/wp-content\/uploads\/2026\/02\/astrid2.jpg","width":1959,"height":2034},{"@type":"BreadcrumbList","@id":"https:\/\/dotsgallery.org\/artwork\/astrid-oudheusden-daily-drawing-2\/#breadcrumb","itemListElement":[{"@type":"ListItem","position":1,"name":"Home","item":"https:\/\/dotsgallery.org\/"},{"@type":"ListItem","position":2,"name":"Astrid Oudheusden &#8211; Daily Drawing 2"}]},{"@type":"WebSite","@id":"https:\/\/dotsgallery.org\/rs\/#website","url":"https:\/\/dotsgallery.org\/rs\/","name":"Galerija DOTS","description":"A statement needs a dot. A vision needs more \u2026  We are DOTS","publisher":{"@id":"https:\/\/dotsgallery.org\/rs\/#organization"},"potentialAction":[{"@type":"SearchAction","target":{"@type":"EntryPoint","urlTemplate":"https:\/\/dotsgallery.org\/rs\/?s={search_term_string}"},"query-input":{"@type":"PropertyValueSpecification","valueRequired":true,"valueName":"search_term_string"}}],"inLanguage":"sr-RS"},{"@type":"Organization","@id":"https:\/\/dotsgallery.org\/rs\/#organization","name":"DOTS Gallery","url":"https:\/\/dotsgallery.org\/rs\/","logo":{"@type":"ImageObject","inLanguage":"sr-RS","@id":"https:\/\/dotsgallery.org\/rs\/#\/schema\/logo\/image\/","url":"https:\/\/dotsgallery.org\/wp-content\/uploads\/2022\/05\/dots-gallery-logo.png","contentUrl":"https:\/\/dotsgallery.org\/wp-content\/uploads\/2022\/05\/dots-gallery-logo.png","width":792,"height":203,"caption":"DOTS Gallery"},"image":{"@id":"https:\/\/dotsgallery.org\/rs\/#\/schema\/logo\/image\/"},"sameAs":["https:\/\/www.facebook.com\/dots_gallery_belgrade-102187455794365","https:\/\/www.instagram.com\/dots_gallery_belgrade\/"]}]}},"_links":{"self":[{"href":"https:\/\/dotsgallery.org\/rs\/wp-json\/wp\/v2\/product\/2066","targetHints":{"allow":["GET"]}}],"collection":[{"href":"https:\/\/dotsgallery.org\/rs\/wp-json\/wp\/v2\/product"}],"about":[{"href":"https:\/\/dotsgallery.org\/rs\/wp-json\/wp\/v2\/types\/product"}],"wp:featuredmedia":[{"embeddable":true,"href":"https:\/\/dotsgallery.org\/rs\/wp-json\/wp\/v2\/media\/2063"}],"wp:attachment":[{"href":"https:\/\/dotsgallery.org\/rs\/wp-json\/wp\/v2\/media?parent=2066"}],"wp:term":[{"taxonomy":"product_brand","embeddable":true,"href":"https:\/\/dotsgallery.org\/rs\/wp-json\/wp\/v2\/product_brand?post=2066"},{"taxonomy":"product_cat","embeddable":true,"href":"https:\/\/dotsgallery.org\/rs\/wp-json\/wp\/v2\/product_cat?post=2066"},{"taxonomy":"product_tag","embeddable":true,"href":"https:\/\/dotsgallery.org\/rs\/wp-json\/wp\/v2\/product_tag?post=2066"}],"curies":[{"name":"wp","href":"https:\/\/api.w.org\/{rel}","templated":true}]}}